{"id":636,"date":"2020-11-11T20:02:00","date_gmt":"2020-11-11T19:02:00","guid":{"rendered":"https:\/\/www.liptak.cz\/?page_id=636"},"modified":"2021-11-17T15:51:20","modified_gmt":"2021-11-17T14:51:20","slug":"virtualni-prohlidka","status":"publish","type":"page","link":"http:\/\/www.liptak.cz\/","title":{"rendered":"Virtu\u00e1ln\u00ed prohl\u00eddka"},"content":{"rendered":"<div id='ggpkg_container_0_636' style='width:100%; height:98vh; position: relative;'>\nLoading&#8230;\n<\/div>\n<script type='text\/javascript' src='http:\/\/www.liptak.cz\/wp-content\/uploads\/2021\/03\/Website_main_page\/pano2vr_player.js'><\/script>\n<script type='text\/javascript' src='http:\/\/www.liptak.cz\/wp-content\/uploads\/2021\/03\/Website_main_page\/skin.js'><\/script>\n<script type='text\/javascript'>\nwindow.addEventListener('load',function() {\nif  (typeof Website_main_page_pano2vrPlayer != 'undefined') {\n\tpano_0_636=new Website_main_page_pano2vrPlayer('ggpkg_container_0_636');\n} else {\n\tpano_0_636=new pano2vrPlayer('ggpkg_container_0_636');\n}\nif  (typeof Website_main_page_pano2vrSkin != 'undefined') {\n\tskin_0_636=new Website_main_page_pano2vrSkin(pano_0_636, 'http:\/\/www.liptak.cz\/wp-content\/uploads\/2021\/03\/Website_main_page\/');\n} else {\n\tskin_0_636=new pano2vrSkin(pano_0_636, 'http:\/\/www.liptak.cz\/wp-content\/uploads\/2021\/03\/Website_main_page\/');\n}\npano_0_636.readConfigUrlAsync('http:\/\/www.liptak.cz\/wp-content\/uploads\/2021\/03\/Website_main_page\/pano.xml');\nvar contentOverflow = document.getElementById('content') ? document.getElementById('content').style.overflow : '';\npano_0_636.addListener('fullscreenenter', function() {\n\tif (document.getElementById('content')) {\n\t\tdocument.getElementById('content').style.overflow = 'visible';\n\t}\n});\npano_0_636.addListener('fullscreenexit', function() {\n\tif (document.getElementById('content')) {\n\t\tdocument.getElementById('content').style.overflow = contentOverflow;\n\t}\n});\n\n});\n<\/script>\n","protected":false},"excerpt":{"rendered":"","protected":false},"author":3,"featured_media":0,"parent":0,"menu_order":0,"comment_status":"closed","ping_status":"closed","template":"blank-slate-template.php","meta":[],"_links":{"self":[{"href":"http:\/\/www.liptak.cz\/index.php?rest_route=\/wp\/v2\/pages\/636"}],"collection":[{"href":"http:\/\/www.liptak.cz\/index.php?rest_route=\/wp\/v2\/pages"}],"about":[{"href":"http:\/\/www.liptak.cz\/index.php?rest_route=\/wp\/v2\/types\/page"}],"author":[{"embeddable":true,"href":"http:\/\/www.liptak.cz\/index.php?rest_route=\/wp\/v2\/users\/3"}],"replies":[{"embeddable":true,"href":"http:\/\/www.liptak.cz\/index.php?rest_route=%2Fwp%2Fv2%2Fcomments&post=636"}],"version-history":[{"count":191,"href":"http:\/\/www.liptak.cz\/index.php?rest_route=\/wp\/v2\/pages\/636\/revisions"}],"predecessor-version":[{"id":897,"href":"http:\/\/www.liptak.cz\/index.php?rest_route=\/wp\/v2\/pages\/636\/revisions\/897"}],"wp:attachment":[{"href":"http:\/\/www.liptak.cz\/index.php?rest_route=%2Fwp%2Fv2%2Fmedia&parent=636"}],"curies":[{"name":"wp","href":"https:\/\/api.w.org\/{rel}","templated":true}]}}